{"id":14,"date":"2023-06-06T16:28:05","date_gmt":"2023-06-06T14:28:05","guid":{"rendered":"https:\/\/muenchen-frauenaerztin.de\/?page_id=14"},"modified":"2025-01-15T14:14:52","modified_gmt":"2025-01-15T13:14:52","slug":"impressionen","status":"publish","type":"page","link":"https:\/\/muenchen-frauenaerztin.de\/en\/impressions\/","title":{"rendered":"Impressions"},"content":{"rendered":"<div class=\"vce-row-container\"><div class=\"vce-row vce-element--has-background vce-row--col-gap-30 row-bottom-margin vce-row-equal-height vce-row-content--top\" data-vce-full-width=\"true\" id=\"el-c6a0f4fb\" data-vce-do-apply=\"all el-c6a0f4fb\"><div class=\"vce-content-background-container\"><div class=\"vce-asset-background-simple-container vce-visible-all-only vce-asset-background-simple--style-cover vce-asset-background-simple--position-center-bottom\"><div class=\"vce-asset-background-simple\">\r\n              <div style='background-image: url(\"https:\/\/muenchen-frauenaerztin.de\/wp-content\/uploads\/2023\/06\/praxis-bg.jpg\");'  class=\"vce-asset-background-simple-item vcv-lozad\" ><\/div>\r\n              <noscript>\r\n                <div class=\"vce-asset-background-simple-item\" style=\"background-image: url(https:\/\/muenchen-frauenaerztin.de\/wp-content\/uploads\/2023\/06\/praxis-bg.jpg)\"><\/div>\r\n              <\/noscript>\r\n            <\/div><\/div><\/div><div class=\"vce-row-content\" data-vce-element-content=\"true\"><div class=\"vce-col vce-col--xs-100p vce-col--xs-visible vce-col--xs-last vce-col--xs-first vce-col--sm-100p vce-col--sm-visible vce-col--sm-last vce-col--sm-first vce-col--md-75p vce-col--md-visible vce-col--md-last vce-col--md-first vce-col--lg-50p vce-col--lg-visible vce-col--lg-last vce-col--lg-first vce-col--xl-50p vce-col--xl-visible vce-col--xl-last vce-col--xl-first\" id=\"el-596df8e5\"><div class=\"vce-col-inner\" data-vce-do-apply=\"border margin background  el-596df8e5\"><div class=\"vce-col-content\" data-vce-element-content=\"true\" data-vce-do-apply=\"padding el-596df8e5\"><div class=\"vce-text-block header\"><div class=\"vce-text-block-wrapper vce\" id=\"el-66f5996e\" data-vce-do-apply=\"all el-66f5996e\"><h1>Get to know our practice better<\/h1><\/div><\/div><div class=\"vce-button--style-basic-icon-container vce button-float-left vce-button--style-basic-icon-container--align-left\" id=\"el-f4720430\" data-vce-do-apply=\"margin el-f4720430\"><a class=\"vce-button vce-button--style-basic-icon vce-button--style-basic-icon--border-round vce-button--style-basic-icon--color-b-225-35-96--fff\" href=\"https:\/\/www.doctolib.de\/frauenarzt\/germering\/amarjyot-grewal?utm_source=google-maps&amp;utm_campaign=google-maps?utm_campaign=website-button&amp;amp;utm_source=amarjyot-grewal-website-button&amp;amp;utm_medium=referral&amp;amp;utm_content=option-8&amp;amp;utm_term=amarjyot-grewal\" title=\"\" target=\"_blank\" data-vce-do-apply=\"padding border background  el-f4720430\" rel=\"noopener\"><span class=\"vce-button--style-basic-icon-inner\"><span class=\"vce-button--style-basic-icon-text\">Arrange appointment<\/span><span class=\"vce-button--style-basic-icon-icon vcv-ui-icon-material vcv-ui-icon-material-arrow_forward\"><\/span><\/span><\/a><\/div><div class=\"vce-button--style-basic-icon-container vce vce-button--style-basic-icon-container--align-left\" id=\"el-5a9068a2\" data-vce-do-apply=\"margin el-5a9068a2\"><a class=\"vce-button vce-button--style-basic-icon vce-button--style-basic-icon--border-round vce-button--style-basic-icon--color-ba-0-0-0-0--b-225-35-96\" href=\"tel:+4989842225\" title=\"\" data-vce-do-apply=\"padding border background  el-5a9068a2\"><span class=\"vce-button--style-basic-icon-inner\"><span class=\"vce-button--style-basic-icon-text\">Call now<\/span><span class=\"vce-button--style-basic-icon-icon vcv-ui-icon-material vcv-ui-icon-material-arrow_forward\"><\/span><\/span><\/a><\/div><\/div><\/div><\/div><\/div><\/div><\/div><div class=\"vce-row-container\" data-vce-boxed-width=\"true\"><div class=\"vce-row vce-row--col-gap-30 row-bottom-margin vce-row-equal-height vce-row-content--top\" id=\"el-974da9b8\" data-vce-do-apply=\"all el-974da9b8\"><div class=\"vce-row-content\" data-vce-element-content=\"true\"><div class=\"vce-col vce-col--xs-100p vce-col--xs-visible vce-col--xs-last vce-col--xs-first vce-col--sm-100p vce-col--sm-visible vce-col--sm-last vce-col--sm-first vce-col--md-100p vce-col--md-visible vce-col--md-last vce-col--md-first vce-col--lg-40p vce-col--lg-visible vce-col--lg-first vce-col--xl-auto vce-col--xl-visible vce-col--xl-first\" id=\"el-48e93d09\"><div class=\"vce-col-inner\" data-vce-do-apply=\"border margin background  el-48e93d09\"><div class=\"vce-col-content\" data-vce-element-content=\"true\" data-vce-do-apply=\"padding el-48e93d09\"><div class=\"vce-text-block\"><div class=\"vce-text-block-wrapper vce\" id=\"el-93c1a0e3\" data-vce-do-apply=\"all el-93c1a0e3\"><h2>Impressions of our practice<\/h2><\/div><\/div><\/div><\/div><\/div><div class=\"vce-col vce-col--xs-100p vce-col--xs-visible vce-col--xs-last vce-col--xs-first vce-col--sm-100p vce-col--sm-visible vce-col--sm-last vce-col--sm-first vce-col--md-100p vce-col--md-visible vce-col--md-last vce-col--md-first vce-col--lg-60p vce-col--lg-visible vce-col--lg-last vce-col--xl-auto vce-col--xl-visible vce-col--xl-last\" id=\"el-76767504\"><div class=\"vce-col-inner\" data-vce-do-apply=\"border margin background  el-76767504\"><div class=\"vce-col-content\" data-vce-element-content=\"true\" data-vce-do-apply=\"padding el-76767504\"><div class=\"vce-text-block\"><div class=\"vce-text-block-wrapper vce\" id=\"el-66eadcb5\" data-vce-do-apply=\"all el-66eadcb5\"><p>We attach great importance to a trusting atmosphere and personal care. As a practice for gynaecology and obstetrics, we offer a wide range of services oriented towards the individual needs of our patients.<\/p><\/div><\/div><\/div><\/div><\/div><\/div><\/div><\/div><div class=\"vce-row-container\" data-vce-boxed-width=\"true\"><div class=\"vce-row vce-row--col-gap-30 vce-row-equal-height vce-row-content--top\" id=\"el-01abf1b9\" data-vce-do-apply=\"all el-01abf1b9\"><div class=\"vce-row-content\" data-vce-element-content=\"true\"><div class=\"vce-col vce-col--md-auto vce-col--xs-1 vce-col--xs-last vce-col--xs-first vce-col--sm-last vce-col--sm-first vce-col--md-last vce-col--lg-last vce-col--xl-last vce-col--md-first vce-col--lg-first vce-col--xl-first\" id=\"el-dd1dcd8b\"><div class=\"vce-col-inner\" data-vce-do-apply=\"border margin background  el-dd1dcd8b\"><div class=\"vce-col-content\" data-vce-element-content=\"true\" data-vce-do-apply=\"padding el-dd1dcd8b\"><div class=\"vce-image-masonry-gallery\"><div class=\"vce-image-masonry-gallery-wrapper vce vce-image-masonry-gallery--gap-10 vce-image-masonry-gallery--columns-3\" id=\"el-fb3239b8\" data-vce-do-apply=\"all el-fb3239b8\"><div class=\"vce-image-masonry-gallery-list\"><div class=\"vce-image-masonry-gallery-column\"><a href=\"https:\/\/muenchen-frauenaerztin.de\/wp-content\/uploads\/2023\/06\/praxis-7.jpeg\" data-lightbox=\"lightbox-fb3239b8\" class=\"vce-image-masonry-gallery-item\"><img decoding=\"async\" class=\"vce-image-masonry-gallery-img\" src=\"https:\/\/muenchen-frauenaerztin.de\/wp-content\/uploads\/2023\/06\/praxis-7.jpeg\" alt=\"\"><\/a><a href=\"https:\/\/muenchen-frauenaerztin.de\/wp-content\/uploads\/2023\/06\/praxis-3.jpeg\" data-lightbox=\"lightbox-fb3239b8\" class=\"vce-image-masonry-gallery-item\"><img decoding=\"async\" class=\"vce-image-masonry-gallery-img\" src=\"https:\/\/muenchen-frauenaerztin.de\/wp-content\/uploads\/2023\/06\/praxis-3.jpeg\" alt=\"\"><\/a><a href=\"https:\/\/muenchen-frauenaerztin.de\/wp-content\/uploads\/2023\/06\/praxis-10.jpeg\" data-lightbox=\"lightbox-fb3239b8\" class=\"vce-image-masonry-gallery-item\"><img decoding=\"async\" class=\"vce-image-masonry-gallery-img\" src=\"https:\/\/muenchen-frauenaerztin.de\/wp-content\/uploads\/2023\/06\/praxis-10.jpeg\" alt=\"\"><\/a><a href=\"https:\/\/muenchen-frauenaerztin.de\/wp-content\/uploads\/2023\/06\/praxis-1.jpeg\" data-lightbox=\"lightbox-fb3239b8\" class=\"vce-image-masonry-gallery-item\"><img decoding=\"async\" class=\"vce-image-masonry-gallery-img\" src=\"https:\/\/muenchen-frauenaerztin.de\/wp-content\/uploads\/2023\/06\/praxis-1.jpeg\" alt=\"\"><\/a><\/div><div class=\"vce-image-masonry-gallery-column\"><a href=\"https:\/\/muenchen-frauenaerztin.de\/wp-content\/uploads\/2023\/06\/praxis-6.jpeg\" data-lightbox=\"lightbox-fb3239b8\" class=\"vce-image-masonry-gallery-item\"><img decoding=\"async\" class=\"vce-image-masonry-gallery-img\" src=\"https:\/\/muenchen-frauenaerztin.de\/wp-content\/uploads\/2023\/06\/praxis-6.jpeg\" alt=\"\"><\/a><a href=\"https:\/\/muenchen-frauenaerztin.de\/wp-content\/uploads\/2023\/06\/praxis-2.jpeg\" data-lightbox=\"lightbox-fb3239b8\" class=\"vce-image-masonry-gallery-item\"><img decoding=\"async\" class=\"vce-image-masonry-gallery-img\" src=\"https:\/\/muenchen-frauenaerztin.de\/wp-content\/uploads\/2023\/06\/praxis-2.jpeg\" alt=\"\"><\/a><a href=\"https:\/\/muenchen-frauenaerztin.de\/wp-content\/uploads\/2023\/06\/praxis-8.jpeg\" data-lightbox=\"lightbox-fb3239b8\" class=\"vce-image-masonry-gallery-item\"><img decoding=\"async\" class=\"vce-image-masonry-gallery-img\" src=\"https:\/\/muenchen-frauenaerztin.de\/wp-content\/uploads\/2023\/06\/praxis-8.jpeg\" alt=\"\"><\/a><\/div><div class=\"vce-image-masonry-gallery-column\"><a href=\"https:\/\/muenchen-frauenaerztin.de\/wp-content\/uploads\/2023\/06\/praxis-5.jpeg\" data-lightbox=\"lightbox-fb3239b8\" class=\"vce-image-masonry-gallery-item\"><img decoding=\"async\" class=\"vce-image-masonry-gallery-img\" src=\"https:\/\/muenchen-frauenaerztin.de\/wp-content\/uploads\/2023\/06\/praxis-5.jpeg\" alt=\"\"><\/a><a href=\"https:\/\/muenchen-frauenaerztin.de\/wp-content\/uploads\/2023\/06\/praxis-9.jpeg\" data-lightbox=\"lightbox-fb3239b8\" class=\"vce-image-masonry-gallery-item\"><img decoding=\"async\" class=\"vce-image-masonry-gallery-img\" src=\"https:\/\/muenchen-frauenaerztin.de\/wp-content\/uploads\/2023\/06\/praxis-9.jpeg\" alt=\"\"><\/a><a href=\"https:\/\/muenchen-frauenaerztin.de\/wp-content\/uploads\/2023\/06\/praxis-4.jpeg\" data-lightbox=\"lightbox-fb3239b8\" class=\"vce-image-masonry-gallery-item\"><img decoding=\"async\" class=\"vce-image-masonry-gallery-img\" src=\"https:\/\/muenchen-frauenaerztin.de\/wp-content\/uploads\/2023\/06\/praxis-4.jpeg\" alt=\"\"><\/a><\/div><\/div><\/div><\/div><\/div><\/div><\/div><\/div><\/div><\/div>","protected":false},"excerpt":{"rendered":"<p>Get to know our practice betterMake an appointmentCall nowImpressions of our practiceWe attach great importance to a trusting atmosphere and personal care. As a practice for gynaecology and obstetrics, we offer a wide range of services that are geared to the individual needs of our patients.<\/p>","protected":false},"author":1,"featured_media":0,"parent":0,"menu_order":0,"comment_status":"closed","ping_status":"closed","template":"","meta":{"inline_featured_image":false,"footnotes":""},"class_list":["post-14","page","type-page","status-publish","hentry"],"yoast_head":"<!-- This site is optimized with the Yoast SEO plugin v24.8.1 - https:\/\/yoast.com\/wordpress\/plugins\/seo\/ -->\n<title>Impressionen - Gyn\u00e4kologische Facharztpraxis Amarjyot Grewal - Frauen\u00e4rztin in Germering<\/title>\n<meta name=\"robots\" content=\"noindex, nofollow\" \/>\n<meta property=\"og:locale\" content=\"en_GB\" \/>\n<meta property=\"og:type\" content=\"article\" \/>\n<meta property=\"og:title\" content=\"Impressionen - Gyn\u00e4kologische Facharztpraxis Amarjyot Grewal - Frauen\u00e4rztin in Germering\" \/>\n<meta property=\"og:description\" content=\"Lernen Sie unsere Praxis n\u00e4her kennenTermin vereinbarenJetzt anrufenImpressionen unserer PraxisWir legen gro\u00dfen Wert auf eine vertrauensvolle Atmosph\u00e4re und eine pers\u00f6nliche Betreuung. Als Praxis f\u00fcr Frauenheilkunde und Geburtshilfe bieten wir Ihnen ein breites Leistungsspektrum an, das sich an den individuellen Bed\u00fcrfnissen unserer Patientinnen orientiert.\" \/>\n<meta property=\"og:url\" content=\"https:\/\/muenchen-frauenaerztin.de\/en\/impressions\/\" \/>\n<meta property=\"og:site_name\" content=\"Gyn\u00e4kologische Facharztpraxis Amarjyot Grewal - Frauen\u00e4rztin in Germering\" \/>\n<meta property=\"article:modified_time\" content=\"2025-01-15T13:14:52+00:00\" \/>\n<meta name=\"twitter:card\" content=\"summary_large_image\" \/>\n<meta name=\"twitter:label1\" content=\"Estimated reading time\" \/>\n\t<meta name=\"twitter:data1\" content=\"3 minutes\" \/>\n<script type=\"application\/ld+json\" class=\"yoast-schema-graph\">{\"@context\":\"https:\/\/schema.org\",\"@graph\":[{\"@type\":\"WebPage\",\"@id\":\"https:\/\/muenchen-frauenaerztin.de\/impressionen\/\",\"url\":\"https:\/\/muenchen-frauenaerztin.de\/impressionen\/\",\"name\":\"Impressionen - Gyn\u00e4kologische Facharztpraxis Amarjyot Grewal - Frauen\u00e4rztin in Germering\",\"isPartOf\":{\"@id\":\"https:\/\/muenchen-frauenaerztin.de\/#website\"},\"datePublished\":\"2023-06-06T14:28:05+00:00\",\"dateModified\":\"2025-01-15T13:14:52+00:00\",\"breadcrumb\":{\"@id\":\"https:\/\/muenchen-frauenaerztin.de\/impressionen\/#breadcrumb\"},\"inLanguage\":\"en-GB\",\"potentialAction\":[{\"@type\":\"ReadAction\",\"target\":[\"https:\/\/muenchen-frauenaerztin.de\/impressionen\/\"]}]},{\"@type\":\"BreadcrumbList\",\"@id\":\"https:\/\/muenchen-frauenaerztin.de\/impressionen\/#breadcrumb\",\"itemListElement\":[{\"@type\":\"ListItem\",\"position\":1,\"name\":\"Startseite\",\"item\":\"https:\/\/muenchen-frauenaerztin.de\/\"},{\"@type\":\"ListItem\",\"position\":2,\"name\":\"Impressionen\"}]},{\"@type\":\"WebSite\",\"@id\":\"https:\/\/muenchen-frauenaerztin.de\/#website\",\"url\":\"https:\/\/muenchen-frauenaerztin.de\/\",\"name\":\"Gyn\u00e4kologische Facharztpraxis Amarjyot Grewal - Frauen\u00e4rztin in Germering\",\"description\":\"\",\"publisher\":{\"@id\":\"https:\/\/muenchen-frauenaerztin.de\/#organization\"},\"potentialAction\":[{\"@type\":\"SearchAction\",\"target\":{\"@type\":\"EntryPoint\",\"urlTemplate\":\"https:\/\/muenchen-frauenaerztin.de\/?s={search_term_string}\"},\"query-input\":{\"@type\":\"PropertyValueSpecification\",\"valueRequired\":true,\"valueName\":\"search_term_string\"}}],\"inLanguage\":\"en-GB\"},{\"@type\":\"Organization\",\"@id\":\"https:\/\/muenchen-frauenaerztin.de\/#organization\",\"name\":\"Gyn\u00e4kologische Facharztpraxis Amarjyot Grewal - Frauen\u00e4rztin in Germering\",\"url\":\"https:\/\/muenchen-frauenaerztin.de\/\",\"logo\":{\"@type\":\"ImageObject\",\"inLanguage\":\"en-GB\",\"@id\":\"https:\/\/muenchen-frauenaerztin.de\/#\/schema\/logo\/image\/\",\"url\":\"https:\/\/muenchen-frauenaerztin.de\/wp-content\/uploads\/2023\/06\/logo-praxis-grewal.svg\",\"contentUrl\":\"https:\/\/muenchen-frauenaerztin.de\/wp-content\/uploads\/2023\/06\/logo-praxis-grewal.svg\",\"width\":87,\"height\":86,\"caption\":\"Gyn\u00e4kologische Facharztpraxis Amarjyot Grewal - Frauen\u00e4rztin in Germering\"},\"image\":{\"@id\":\"https:\/\/muenchen-frauenaerztin.de\/#\/schema\/logo\/image\/\"}}]}<\/script>\n<!-- \/ Yoast SEO plugin. -->","yoast_head_json":{"title":"Impressionen - Gyn\u00e4kologische Facharztpraxis Amarjyot Grewal - Frauen\u00e4rztin in Germering","robots":{"index":"noindex","follow":"nofollow"},"og_locale":"en_GB","og_type":"article","og_title":"Impressionen - Gyn\u00e4kologische Facharztpraxis Amarjyot Grewal - Frauen\u00e4rztin in Germering","og_description":"Lernen Sie unsere Praxis n\u00e4her kennenTermin vereinbarenJetzt anrufenImpressionen unserer PraxisWir legen gro\u00dfen Wert auf eine vertrauensvolle Atmosph\u00e4re und eine pers\u00f6nliche Betreuung. Als Praxis f\u00fcr Frauenheilkunde und Geburtshilfe bieten wir Ihnen ein breites Leistungsspektrum an, das sich an den individuellen Bed\u00fcrfnissen unserer Patientinnen orientiert.","og_url":"https:\/\/muenchen-frauenaerztin.de\/en\/impressions\/","og_site_name":"Gyn\u00e4kologische Facharztpraxis Amarjyot Grewal - Frauen\u00e4rztin in Germering","article_modified_time":"2025-01-15T13:14:52+00:00","twitter_card":"summary_large_image","twitter_misc":{"Estimated reading time":"3 minutes"},"schema":{"@context":"https:\/\/schema.org","@graph":[{"@type":"WebPage","@id":"https:\/\/muenchen-frauenaerztin.de\/impressionen\/","url":"https:\/\/muenchen-frauenaerztin.de\/impressionen\/","name":"Impressionen - Gyn\u00e4kologische Facharztpraxis Amarjyot Grewal - Frauen\u00e4rztin in Germering","isPartOf":{"@id":"https:\/\/muenchen-frauenaerztin.de\/#website"},"datePublished":"2023-06-06T14:28:05+00:00","dateModified":"2025-01-15T13:14:52+00:00","breadcrumb":{"@id":"https:\/\/muenchen-frauenaerztin.de\/impressionen\/#breadcrumb"},"inLanguage":"en-GB","potentialAction":[{"@type":"ReadAction","target":["https:\/\/muenchen-frauenaerztin.de\/impressionen\/"]}]},{"@type":"BreadcrumbList","@id":"https:\/\/muenchen-frauenaerztin.de\/impressionen\/#breadcrumb","itemListElement":[{"@type":"ListItem","position":1,"name":"Startseite","item":"https:\/\/muenchen-frauenaerztin.de\/"},{"@type":"ListItem","position":2,"name":"Impressionen"}]},{"@type":"WebSite","@id":"https:\/\/muenchen-frauenaerztin.de\/#website","url":"https:\/\/muenchen-frauenaerztin.de\/","name":"Gyn\u00e4kologische Facharztpraxis Amarjyot Grewal - Frauen\u00e4rztin in Germering","description":"","publisher":{"@id":"https:\/\/muenchen-frauenaerztin.de\/#organization"},"potentialAction":[{"@type":"SearchAction","target":{"@type":"EntryPoint","urlTemplate":"https:\/\/muenchen-frauenaerztin.de\/?s={search_term_string}"},"query-input":{"@type":"PropertyValueSpecification","valueRequired":true,"valueName":"search_term_string"}}],"inLanguage":"en-GB"},{"@type":"Organization","@id":"https:\/\/muenchen-frauenaerztin.de\/#organization","name":"Gyn\u00e4kologische Facharztpraxis Amarjyot Grewal - Frauen\u00e4rztin in Germering","url":"https:\/\/muenchen-frauenaerztin.de\/","logo":{"@type":"ImageObject","inLanguage":"en-GB","@id":"https:\/\/muenchen-frauenaerztin.de\/#\/schema\/logo\/image\/","url":"https:\/\/muenchen-frauenaerztin.de\/wp-content\/uploads\/2023\/06\/logo-praxis-grewal.svg","contentUrl":"https:\/\/muenchen-frauenaerztin.de\/wp-content\/uploads\/2023\/06\/logo-praxis-grewal.svg","width":87,"height":86,"caption":"Gyn\u00e4kologische Facharztpraxis Amarjyot Grewal - Frauen\u00e4rztin in Germering"},"image":{"@id":"https:\/\/muenchen-frauenaerztin.de\/#\/schema\/logo\/image\/"}}]}},"_links":{"self":[{"href":"https:\/\/muenchen-frauenaerztin.de\/en\/wp-json\/wp\/v2\/pages\/14","targetHints":{"allow":["GET"]}}],"collection":[{"href":"https:\/\/muenchen-frauenaerztin.de\/en\/wp-json\/wp\/v2\/pages"}],"about":[{"href":"https:\/\/muenchen-frauenaerztin.de\/en\/wp-json\/wp\/v2\/types\/page"}],"author":[{"embeddable":true,"href":"https:\/\/muenchen-frauenaerztin.de\/en\/wp-json\/wp\/v2\/users\/1"}],"replies":[{"embeddable":true,"href":"https:\/\/muenchen-frauenaerztin.de\/en\/wp-json\/wp\/v2\/comments?post=14"}],"version-history":[{"count":19,"href":"https:\/\/muenchen-frauenaerztin.de\/en\/wp-json\/wp\/v2\/pages\/14\/revisions"}],"predecessor-version":[{"id":480,"href":"https:\/\/muenchen-frauenaerztin.de\/en\/wp-json\/wp\/v2\/pages\/14\/revisions\/480"}],"wp:attachment":[{"href":"https:\/\/muenchen-frauenaerztin.de\/en\/wp-json\/wp\/v2\/media?parent=14"}],"curies":[{"name":"wp","href":"https:\/\/api.w.org\/{rel}","templated":true}]}}