{"id":18,"date":"2023-06-06T16:28:24","date_gmt":"2023-06-06T14:28:24","guid":{"rendered":"https:\/\/muenchen-frauenaerztin.de\/?page_id=18"},"modified":"2025-01-15T14:13:44","modified_gmt":"2025-01-15T13:13:44","slug":"impressum","status":"publish","type":"page","link":"https:\/\/muenchen-frauenaerztin.de\/en\/imprint\/","title":{"rendered":"Imprint"},"content":{"rendered":"<div class=\"vce-row-container\" data-vce-boxed-width=\"true\"><div class=\"vce-row vce-row--col-gap-30 vce-row-equal-height vce-row-content--top\" id=\"el-af7d4ad4\" data-vce-do-apply=\"all el-af7d4ad4\"><div class=\"vce-row-content\" data-vce-element-content=\"true\"><div class=\"vce-col vce-col--md-auto vce-col--xs-1 vce-col--xs-last vce-col--xs-first vce-col--sm-last vce-col--sm-first vce-col--md-last vce-col--lg-last vce-col--xl-last vce-col--md-first vce-col--lg-first vce-col--xl-first\" id=\"el-6f6ec432\"><div class=\"vce-col-inner\" data-vce-do-apply=\"border margin background  el-6f6ec432\"><div class=\"vce-col-content\" data-vce-element-content=\"true\" data-vce-do-apply=\"padding el-6f6ec432\"><div class=\"vce-text-block\"><div class=\"vce-text-block-wrapper vce\" id=\"el-b148e84d\" data-vce-do-apply=\"all el-b148e84d\"><h1 class=\"heading-4\">Imprint<\/h1><div class=\"text-block-9\">Information according to \u00a7 5 Telemediengesetz:<br><br>\u200d<strong>Practice: <br>\u200d<\/strong>Amarjyot Grewal<br>82110 Germering<br>Phone: + 49 89 842225<br>Fax: + 49 89 8949764<br>E-mail: <a href=\"mailto:mailto:info@muenchen-frauenaerztin.de\">info@muenchen-frauenaerztin.de<\/a><br>Internet: <a href=\"https:\/\/xn--mnchen-frauenrztin-xtb18b.de\/\">www.m\u00fcnchen-frauen\u00e4rztin.de<br><br>\u200d<\/a><strong>Job title: <br>\u200d<\/strong>Specialist in gynaecology and obstetrics (licence to practise and professional title awarded by the State Medical Association of Baden W\u00fcrttemberg)<br>\u200d<br>\u200d<strong>Competent chamber:<\/strong><br>Bavarian Medical Association, M\u00fchlbaurstrasse 16, 81677 Munich (<a href=\"http:\/\/www.blaek.de\/\">www.blaek.de<\/a>)<br><br>\u200d<strong>Competent Association of Statutory Health Insurance Physicians:<\/strong><br>Association of Statutory Health Insurance Physicians of Bavaria, public corporation<br>Postal address: 80684 Munich<br>Address: 80687 Munich, Elsenheimerstrasse 39 (<a href=\"http:\/\/www.kvb.de\/\">www.kvb.de<\/a>)<br><strong><br>Professional regulations:<\/strong><br>Professional Code of Conduct for Doctors in Bavaria (<a href=\"http:\/\/www.blaek.de\/\">www.blaek.de<\/a>)<br><br>\u200d<strong>Disclaimer:<br><br>\u200d<\/strong>Liability for contentAs a service provider, we are responsible for our own content on these pages in accordance with general legislation pursuant to Section 7 (1) of the German Telemedia Act (TMG). However, according to \u00a7\u00a7 8 to 10 TMG, we are not obliged as a service provider to monitor transmitted or stored third-party information or to investigate circumstances that indicate illegal activity.obligations to remove or block the use of information according to general laws remain unaffected by this. However, liability in this regard is only possible from the point in time at which a concrete infringement of the law becomes known. If we become aware of any such infringements, we will remove the relevant content immediately.Liability for linksOur website contains links to external third-party websites over whose content we have no influence. Therefore, we cannot assume any liability for these external contents. The respective provider or operator of the pages is always responsible for the content of the linked pages. The linked pages were checked for possible legal violations at the time of linking. However, a permanent control of the contents of the linked pages is not reasonable without concrete evidence of a violation of the law. If we become aware of any infringements of the law, we will remove such links immediately.CopyrightThe content and works on these pages created by the site operators are subject to German copyright law. Duplication, processing, distribution, or any form of commercialization of such material beyond the scope of the copyright law shall require the prior written consent of its respective author or creator. Downloads and copies of this site are only permitted for private, non-commercial use. Insofar as the content on this site was not created by the operator, the copyrights of third parties are respected. In particular, third-party content is marked as such. Should you nevertheless become aware of a copyright infringement, please inform us accordingly. If we become aware of any infringements, we will remove such content immediately.<\/div><\/div><\/div><\/div><\/div><\/div><\/div><\/div><\/div>","protected":false},"excerpt":{"rendered":"<p>ImprintInformation according to \u00a7 5 Telemediengesetz:\u200dPractice: \u200dAmarjyot Grewal82110 GermeringPhone: + 49 89 842225Telefax: + 49 89 8949764E-mail: info@muenchen-frauenaerztin.deInternet: www.m\u00fcnchen-frauen\u00e4rztin.de\u200dProfessional title: \u200dSpecialist in gynaecology and obstetrics (licence to practise and professional title awarded by the State Medical Association of Baden W\u00fcrttemberg)\u200d\u200dCompetent chamber:Bavarian State Medical Association, M\u00fchlbaurstrasse 16, 81677 Munich (www.blaek.de)\u200dCompetent Association of Statutory Health Insurance Physicians:Association of Statutory Health Insurance Physicians of Bavaria, corporation under public lawPostal address: 80684 MunichHouse address: 80687 Munich, Elsenheimerstrasse 39 (www.kvb.de)Professional regulations:Professional code of [...]<\/p>","protected":false},"author":1,"featured_media":0,"parent":0,"menu_order":0,"comment_status":"closed","ping_status":"closed","template":"","meta":{"inline_featured_image":false,"footnotes":""},"class_list":["post-18","page","type-page","status-publish","hentry"],"yoast_head":"<!-- This site is optimized with the Yoast SEO plugin v24.8.1 - https:\/\/yoast.com\/wordpress\/plugins\/seo\/ -->\n<title>Impressum - Gyn\u00e4kologische Facharztpraxis Amarjyot Grewal - Frauen\u00e4rztin in Germering<\/title>\n<meta name=\"robots\" content=\"noindex, nofollow\" \/>\n<meta property=\"og:locale\" content=\"en_GB\" \/>\n<meta property=\"og:type\" content=\"article\" \/>\n<meta property=\"og:title\" content=\"Impressum - Gyn\u00e4kologische Facharztpraxis Amarjyot Grewal - Frauen\u00e4rztin in Germering\" \/>\n<meta property=\"og:description\" content=\"ImpressumAngaben nach \u00a7 5 Telemediengesetz:\u200dPraxis: \u200dAmarjyot Grewal82110 GermeringTelefon: + 49 89 842225Telefax: + 49 89 8949764E-Mail: info@muenchen-frauenaerztin.deInternet: www.m\u00fcnchen-frauen\u00e4rztin.de\u200dBerufsbezeichnung: \u200dFacharzt f\u00fcr Frauenheilkunde und Geburtshilfe (Approbation und Berufsbezeichnung verliehen durch die Landes\u00e4rztekammer Baden W\u00fcrttemberg)\u200d\u200dZust\u00e4ndige Kammer:Bayerische Landes\u00e4rztekammer, M\u00fchlbaurstrasse 16, 81677 M\u00fcnchen (www.blaek.de)\u200dZust\u00e4ndige kassen\u00e4rztliche Vereinigung:Kassen\u00e4rztliche Vereinigung Bayerns, K\u00f6rperschaft des \u00f6ffentlichen RechtsPostanschrift: 80684 M\u00fcnchenHausanschrift: 80687 M\u00fcnchen, Elsenheimerstra\u00dfe 39 (www.kvb.de)Berufsrechtliche Regelungen:Berufsordnung [&hellip;]\" \/>\n<meta property=\"og:url\" content=\"https:\/\/muenchen-frauenaerztin.de\/en\/imprint\/\" \/>\n<meta property=\"og:site_name\" content=\"Gyn\u00e4kologische Facharztpraxis Amarjyot Grewal - Frauen\u00e4rztin in Germering\" \/>\n<meta property=\"article:modified_time\" content=\"2025-01-15T13:13:44+00:00\" \/>\n<meta name=\"twitter:card\" content=\"summary_large_image\" \/>\n<meta name=\"twitter:label1\" content=\"Estimated reading time\" \/>\n\t<meta name=\"twitter:data1\" content=\"3 minutes\" \/>\n<script type=\"application\/ld+json\" class=\"yoast-schema-graph\">{\"@context\":\"https:\/\/schema.org\",\"@graph\":[{\"@type\":\"WebPage\",\"@id\":\"https:\/\/muenchen-frauenaerztin.de\/impressum\/\",\"url\":\"https:\/\/muenchen-frauenaerztin.de\/impressum\/\",\"name\":\"Impressum - Gyn\u00e4kologische Facharztpraxis Amarjyot Grewal - Frauen\u00e4rztin in Germering\",\"isPartOf\":{\"@id\":\"https:\/\/muenchen-frauenaerztin.de\/#website\"},\"datePublished\":\"2023-06-06T14:28:24+00:00\",\"dateModified\":\"2025-01-15T13:13:44+00:00\",\"breadcrumb\":{\"@id\":\"https:\/\/muenchen-frauenaerztin.de\/impressum\/#breadcrumb\"},\"inLanguage\":\"en-GB\",\"potentialAction\":[{\"@type\":\"ReadAction\",\"target\":[\"https:\/\/muenchen-frauenaerztin.de\/impressum\/\"]}]},{\"@type\":\"BreadcrumbList\",\"@id\":\"https:\/\/muenchen-frauenaerztin.de\/impressum\/#breadcrumb\",\"itemListElement\":[{\"@type\":\"ListItem\",\"position\":1,\"name\":\"Startseite\",\"item\":\"https:\/\/muenchen-frauenaerztin.de\/\"},{\"@type\":\"ListItem\",\"position\":2,\"name\":\"Impressum\"}]},{\"@type\":\"WebSite\",\"@id\":\"https:\/\/muenchen-frauenaerztin.de\/#website\",\"url\":\"https:\/\/muenchen-frauenaerztin.de\/\",\"name\":\"Gyn\u00e4kologische Facharztpraxis Amarjyot Grewal - Frauen\u00e4rztin in Germering\",\"description\":\"\",\"publisher\":{\"@id\":\"https:\/\/muenchen-frauenaerztin.de\/#organization\"},\"potentialAction\":[{\"@type\":\"SearchAction\",\"target\":{\"@type\":\"EntryPoint\",\"urlTemplate\":\"https:\/\/muenchen-frauenaerztin.de\/?s={search_term_string}\"},\"query-input\":{\"@type\":\"PropertyValueSpecification\",\"valueRequired\":true,\"valueName\":\"search_term_string\"}}],\"inLanguage\":\"en-GB\"},{\"@type\":\"Organization\",\"@id\":\"https:\/\/muenchen-frauenaerztin.de\/#organization\",\"name\":\"Gyn\u00e4kologische Facharztpraxis Amarjyot Grewal - Frauen\u00e4rztin in Germering\",\"url\":\"https:\/\/muenchen-frauenaerztin.de\/\",\"logo\":{\"@type\":\"ImageObject\",\"inLanguage\":\"en-GB\",\"@id\":\"https:\/\/muenchen-frauenaerztin.de\/#\/schema\/logo\/image\/\",\"url\":\"https:\/\/muenchen-frauenaerztin.de\/wp-content\/uploads\/2023\/06\/logo-praxis-grewal.svg\",\"contentUrl\":\"https:\/\/muenchen-frauenaerztin.de\/wp-content\/uploads\/2023\/06\/logo-praxis-grewal.svg\",\"width\":87,\"height\":86,\"caption\":\"Gyn\u00e4kologische Facharztpraxis Amarjyot Grewal - Frauen\u00e4rztin in Germering\"},\"image\":{\"@id\":\"https:\/\/muenchen-frauenaerztin.de\/#\/schema\/logo\/image\/\"}}]}<\/script>\n<!-- \/ Yoast SEO plugin. -->","yoast_head_json":{"title":"Impressum - Gyn\u00e4kologische Facharztpraxis Amarjyot Grewal - Frauen\u00e4rztin in Germering","robots":{"index":"noindex","follow":"nofollow"},"og_locale":"en_GB","og_type":"article","og_title":"Impressum - Gyn\u00e4kologische Facharztpraxis Amarjyot Grewal - Frauen\u00e4rztin in Germering","og_description":"ImpressumAngaben nach \u00a7 5 Telemediengesetz:\u200dPraxis: \u200dAmarjyot Grewal82110 GermeringTelefon: + 49 89 842225Telefax: + 49 89 8949764E-Mail: info@muenchen-frauenaerztin.deInternet: www.m\u00fcnchen-frauen\u00e4rztin.de\u200dBerufsbezeichnung: \u200dFacharzt f\u00fcr Frauenheilkunde und Geburtshilfe (Approbation und Berufsbezeichnung verliehen durch die Landes\u00e4rztekammer Baden W\u00fcrttemberg)\u200d\u200dZust\u00e4ndige Kammer:Bayerische Landes\u00e4rztekammer, M\u00fchlbaurstrasse 16, 81677 M\u00fcnchen (www.blaek.de)\u200dZust\u00e4ndige kassen\u00e4rztliche Vereinigung:Kassen\u00e4rztliche Vereinigung Bayerns, K\u00f6rperschaft des \u00f6ffentlichen RechtsPostanschrift: 80684 M\u00fcnchenHausanschrift: 80687 M\u00fcnchen, Elsenheimerstra\u00dfe 39 (www.kvb.de)Berufsrechtliche Regelungen:Berufsordnung [&hellip;]","og_url":"https:\/\/muenchen-frauenaerztin.de\/en\/imprint\/","og_site_name":"Gyn\u00e4kologische Facharztpraxis Amarjyot Grewal - Frauen\u00e4rztin in Germering","article_modified_time":"2025-01-15T13:13:44+00:00","twitter_card":"summary_large_image","twitter_misc":{"Estimated reading time":"3 minutes"},"schema":{"@context":"https:\/\/schema.org","@graph":[{"@type":"WebPage","@id":"https:\/\/muenchen-frauenaerztin.de\/impressum\/","url":"https:\/\/muenchen-frauenaerztin.de\/impressum\/","name":"Impressum - Gyn\u00e4kologische Facharztpraxis Amarjyot Grewal - Frauen\u00e4rztin in Germering","isPartOf":{"@id":"https:\/\/muenchen-frauenaerztin.de\/#website"},"datePublished":"2023-06-06T14:28:24+00:00","dateModified":"2025-01-15T13:13:44+00:00","breadcrumb":{"@id":"https:\/\/muenchen-frauenaerztin.de\/impressum\/#breadcrumb"},"inLanguage":"en-GB","potentialAction":[{"@type":"ReadAction","target":["https:\/\/muenchen-frauenaerztin.de\/impressum\/"]}]},{"@type":"BreadcrumbList","@id":"https:\/\/muenchen-frauenaerztin.de\/impressum\/#breadcrumb","itemListElement":[{"@type":"ListItem","position":1,"name":"Startseite","item":"https:\/\/muenchen-frauenaerztin.de\/"},{"@type":"ListItem","position":2,"name":"Impressum"}]},{"@type":"WebSite","@id":"https:\/\/muenchen-frauenaerztin.de\/#website","url":"https:\/\/muenchen-frauenaerztin.de\/","name":"Gyn\u00e4kologische Facharztpraxis Amarjyot Grewal - Frauen\u00e4rztin in Germering","description":"","publisher":{"@id":"https:\/\/muenchen-frauenaerztin.de\/#organization"},"potentialAction":[{"@type":"SearchAction","target":{"@type":"EntryPoint","urlTemplate":"https:\/\/muenchen-frauenaerztin.de\/?s={search_term_string}"},"query-input":{"@type":"PropertyValueSpecification","valueRequired":true,"valueName":"search_term_string"}}],"inLanguage":"en-GB"},{"@type":"Organization","@id":"https:\/\/muenchen-frauenaerztin.de\/#organization","name":"Gyn\u00e4kologische Facharztpraxis Amarjyot Grewal - Frauen\u00e4rztin in Germering","url":"https:\/\/muenchen-frauenaerztin.de\/","logo":{"@type":"ImageObject","inLanguage":"en-GB","@id":"https:\/\/muenchen-frauenaerztin.de\/#\/schema\/logo\/image\/","url":"https:\/\/muenchen-frauenaerztin.de\/wp-content\/uploads\/2023\/06\/logo-praxis-grewal.svg","contentUrl":"https:\/\/muenchen-frauenaerztin.de\/wp-content\/uploads\/2023\/06\/logo-praxis-grewal.svg","width":87,"height":86,"caption":"Gyn\u00e4kologische Facharztpraxis Amarjyot Grewal - Frauen\u00e4rztin in Germering"},"image":{"@id":"https:\/\/muenchen-frauenaerztin.de\/#\/schema\/logo\/image\/"}}]}},"_links":{"self":[{"href":"https:\/\/muenchen-frauenaerztin.de\/en\/wp-json\/wp\/v2\/pages\/18","targetHints":{"allow":["GET"]}}],"collection":[{"href":"https:\/\/muenchen-frauenaerztin.de\/en\/wp-json\/wp\/v2\/pages"}],"about":[{"href":"https:\/\/muenchen-frauenaerztin.de\/en\/wp-json\/wp\/v2\/types\/page"}],"author":[{"embeddable":true,"href":"https:\/\/muenchen-frauenaerztin.de\/en\/wp-json\/wp\/v2\/users\/1"}],"replies":[{"embeddable":true,"href":"https:\/\/muenchen-frauenaerztin.de\/en\/wp-json\/wp\/v2\/comments?post=18"}],"version-history":[{"count":2,"href":"https:\/\/muenchen-frauenaerztin.de\/en\/wp-json\/wp\/v2\/pages\/18\/revisions"}],"predecessor-version":[{"id":24,"href":"https:\/\/muenchen-frauenaerztin.de\/en\/wp-json\/wp\/v2\/pages\/18\/revisions\/24"}],"wp:attachment":[{"href":"https:\/\/muenchen-frauenaerztin.de\/en\/wp-json\/wp\/v2\/media?parent=18"}],"curies":[{"name":"wp","href":"https:\/\/api.w.org\/{rel}","templated":true}]}}